{"id":996,"date":"2026-03-17T14:31:44","date_gmt":"2026-03-17T13:31:44","guid":{"rendered":"https:\/\/kynextpm.com\/?page_id=996"},"modified":"2026-04-25T08:54:35","modified_gmt":"2026-04-25T07:54:35","slug":"interim-project-manager","status":"publish","type":"page","link":"https:\/\/kynextpm.com\/de\/interim-project-manager\/","title":{"rendered":"Interim Project Manager"},"content":{"rendered":"<div data-elementor-type=\"wp-page\" data-elementor-id=\"996\" class=\"elementor elementor-996\">\n\t\t\t\t<div class=\"elementor-element elementor-element-71e9be2 e-con-full e-flex e-con e-parent\" data-id=\"71e9be2\" data-element_type=\"container\" data-e-type=\"container\" data-settings=\"{&quot;background_background&quot;:&quot;classic&quot;}\">\n\t\t\t\t<div class=\"elementor-element elementor-element-655298c elementor-widget__width-initial elementor-invisible elementor-widget elementor-widget-heading\" data-id=\"655298c\" data-element_type=\"widget\" data-e-type=\"widget\" data-settings=\"{&quot;_animation_delay&quot;:0,&quot;_animation&quot;:&quot;fadeInUp&quot;}\" data-widget_type=\"heading.default\">\n\t\t\t\t\t<h2 class=\"elementor-heading-title elementor-size-default\">Interim Project Manager<\/h2>\t\t\t\t<\/div>\n\t\t\t\t<div class=\"elementor-element elementor-element-628f103 elementor-widget-mobile__width-initial elementor-invisible elementor-widget elementor-widget-text-editor\" data-id=\"628f103\" data-element_type=\"widget\" data-e-type=\"widget\" data-settings=\"{&quot;_animation&quot;:&quot;fadeInUp&quot;}\" data-widget_type=\"text-editor.default\">\n\t\t\t\t\t\t\t\t\t<p>In kritischen Situationen brauchen Projekte keine zus\u00e4tzlichen Berichte \u2013 sie brauchen F\u00fchrung.<\/p><p>Als Interim-Projektleiter greife ich in laufende Projekte ein, um die Kontrolle wiederherzustellen, die Umsetzung zu beschleunigen und unter Druck eine zuverl\u00e4ssige Fertigstellung sicherzustellen.<\/p><p>Ich \u00fcbernehme die volle Verantwortung f\u00fcr das Projekt \u2013 nicht als externer Beobachter, sondern als integraler Teil der F\u00fchrung innerhalb der Organisation.<\/p>\t\t\t\t\t\t\t\t<\/div>\n\t\t\t\t<div class=\"elementor-element elementor-element-698cf9f animated-slow elementor-invisible elementor-widget elementor-widget-html\" data-id=\"698cf9f\" data-element_type=\"widget\" data-e-type=\"widget\" data-settings=\"{&quot;_animation&quot;:&quot;fadeInUp&quot;}\" data-widget_type=\"html.default\">\n\t\t\t\t\t<div style=\"overflow-x:auto;\">\r\n  <table style=\"width:100%; border-collapse:collapse; font-family:Arial, sans-serif; font-size:14px; background-color:transparent;\">\r\n    \r\n    <thead>\r\n      <tr style=\"background:#060C1A; color:#ffffff; border-bottom:2px solid #347383;\">\r\n        <th style=\"padding:14px; text-align:left;\">Situation<\/th>\r\n        <th style=\"padding:14px; text-align:left;\">Was ich mitbringe<\/th>\r\n      <\/tr>\r\n    <\/thead>\r\n\r\n    <tbody style=\"color:#d6e2f0;\">\r\n      <tr style=\"border-bottom:1px solid rgba(255,255,255,0.08);\">\r\n        <td style=\"padding:14px;\">Das Projekt liegt hinter dem Zeitplan zur\u00fcck<\/td>\r\n        <td style=\"padding:14px;\">Sofortma\u00dfnahmen und Sanierungsplan<\/td>\r\n      <\/tr>\r\n      <tr style=\"border-bottom:1px solid rgba(255,255,255,0.08);\">\r\n        <td style=\"padding:14px;\">F\u00fchrungsl\u00fccke<\/td>\r\n        <td style=\"padding:14px;\">Vollst\u00e4ndige Eigenverantwortung und Entscheidungsbefugnis<\/td>\r\n      <\/tr>\r\n      <tr style=\"border-bottom:1px solid rgba(255,255,255,0.08);\">\r\n        <td style=\"padding:14px;\">Langsame Entscheidungen<\/td>\r\n        <td style=\"padding:14px;\">Klare F\u00fchrungsstrukturen und schnelle Abstimmung<\/td>\r\n      <\/tr>\r\n      <tr>\r\n        <td style=\"padding:14px;\">Geringe Zuverl\u00e4ssigkeit bei der Lieferung<\/td>\r\n        <td style=\"padding:14px;\">Stabilit\u00e4t und vorhersehbare Ausf\u00fchrung<\/td>\r\n      <\/tr>\r\n    <\/tbody>\r\n\r\n  <\/table>\r\n<\/div>\t\t\t\t<\/div>\n\t\t\t\t<div class=\"elementor-element elementor-element-5f9a8f4 elementor-widget__width-initial elementor-invisible elementor-widget elementor-widget-heading\" data-id=\"5f9a8f4\" data-element_type=\"widget\" data-e-type=\"widget\" data-settings=\"{&quot;_animation_delay&quot;:0,&quot;_animation&quot;:&quot;fadeInUp&quot;}\" data-widget_type=\"heading.default\">\n\t\t\t\t\t<h2 class=\"elementor-heading-title elementor-size-default\">Wann soll ich einbezogen werden?<\/h2>\t\t\t\t<\/div>\n\t\t\t\t<div class=\"elementor-element elementor-element-fa0212d elementor-widget-mobile__width-initial elementor-invisible elementor-widget elementor-widget-text-editor\" data-id=\"fa0212d\" data-element_type=\"widget\" data-e-type=\"widget\" data-settings=\"{&quot;_animation&quot;:&quot;fadeInUp&quot;}\" data-widget_type=\"text-editor.default\">\n\t\t\t\t\t\t\t\t\t<ul><li>Ein Projekt ist aus dem Zeitplan geraten oder gef\u00e4hrdet<\/li><li>Es fehlt an F\u00fchrungskapazit\u00e4ten oder diese sind \u00fcberlastet<\/li><li>Entscheidungsprozesse sind langsam oder unklar<\/li><li>Die Abstimmung zwischen Stakeholders ist unzureichend<\/li><li>Das Vertrauen in die Lieferf\u00e4higkeit ist verloren gegangen<\/li><\/ul>\t\t\t\t\t\t\t\t<\/div>\n\t\t\t\t<div class=\"elementor-element elementor-element-c24b680 elementor-widget__width-initial elementor-invisible elementor-widget elementor-widget-heading\" data-id=\"c24b680\" data-element_type=\"widget\" data-e-type=\"widget\" data-settings=\"{&quot;_animation_delay&quot;:0,&quot;_animation&quot;:&quot;fadeInUp&quot;}\" data-widget_type=\"heading.default\">\n\t\t\t\t\t<h2 class=\"elementor-heading-title elementor-size-default\">Worauf ich mich konzentriere\n<\/h2>\t\t\t\t<\/div>\n\t\t\t\t<div class=\"elementor-element elementor-element-4c72f6f elementor-widget-mobile__width-initial elementor-invisible elementor-widget elementor-widget-text-editor\" data-id=\"4c72f6f\" data-element_type=\"widget\" data-e-type=\"widget\" data-settings=\"{&quot;_animation&quot;:&quot;fadeInUp&quot;}\" data-widget_type=\"text-editor.default\">\n\t\t\t\t\t\t\t\t\t<ul><li>Klare Priorit\u00e4ten und realistische Planung<\/li><li>Schnelle und strukturierte Entscheidungsfindung<\/li><li>Transparente Kommunikation auf F\u00fchrungsebene<\/li><li>Transparente Kommunikation im Rahmen eines aktiven Risikomanagements und zur fr\u00fchzeitigen Erkennung von Problemen<\/li><li>Enge Abstimmung zwischen den Teams und allen Beteiligten<\/li><\/ul>\t\t\t\t\t\t\t\t<\/div>\n\t\t\t\t<div class=\"elementor-element elementor-element-19e1d6c elementor-widget__width-initial elementor-invisible elementor-widget elementor-widget-heading\" data-id=\"19e1d6c\" data-element_type=\"widget\" data-e-type=\"widget\" data-settings=\"{&quot;_animation_delay&quot;:0,&quot;_animation&quot;:&quot;fadeInUp&quot;}\" data-widget_type=\"heading.default\">\n\t\t\t\t\t<h2 class=\"elementor-heading-title elementor-size-default\">Wie ich arbeite\n<\/h2>\t\t\t\t<\/div>\n\t\t\t\t<div class=\"elementor-element elementor-element-c29c288 elementor-widget-mobile__width-initial elementor-invisible elementor-widget elementor-widget-text-editor\" data-id=\"c29c288\" data-element_type=\"widget\" data-e-type=\"widget\" data-settings=\"{&quot;_animation&quot;:&quot;fadeInUp&quot;}\" data-widget_type=\"text-editor.default\">\n\t\t\t\t\t\t\t\t\t<p>Ich finde mich schnell in das Unternehmen ein und passe mich an das jeweilige Umfeld an \u2013 egal, ob es strukturiert oder chaotisch ist.<\/p><p>Je nach Situation bin ich auf verschiedenen Ebenen t\u00e4tig:<\/p><ul><li class=\"translation-block\"><strong>Operativ:<\/strong> Steuerung der t\u00e4glichen Abl\u00e4ufe<\/li><li class=\"translation-block\"><strong>Taktisch:<\/strong> Gestaltung der Umsetzung und Steuerung<\/li><li class=\"translation-block\"><strong>Strategisch:<\/strong> Ausrichtung auf die Unternehmensziele und die F\u00fchrungsebene<\/li><\/ul><p>Mein Ansatz ist pragmatisch, ergebnisorientiert und orientiert sich an modernen Projektmanagement-Prinzipien.<\/p>\t\t\t\t\t\t\t\t<\/div>\n\t\t\t\t<div class=\"elementor-element elementor-element-d350e6c elementor-widget__width-initial elementor-invisible elementor-widget elementor-widget-heading\" data-id=\"d350e6c\" data-element_type=\"widget\" data-e-type=\"widget\" data-settings=\"{&quot;_animation_delay&quot;:0,&quot;_animation&quot;:&quot;fadeInUp&quot;}\" data-widget_type=\"heading.default\">\n\t\t\t\t\t<h2 class=\"elementor-heading-title elementor-size-default\">Das Ziel<\/h2>\t\t\t\t<\/div>\n\t\t\t\t<div class=\"elementor-element elementor-element-0bb51ed elementor-widget-mobile__width-initial elementor-invisible elementor-widget elementor-widget-text-editor\" data-id=\"0bb51ed\" data-element_type=\"widget\" data-e-type=\"widget\" data-settings=\"{&quot;_animation&quot;:&quot;fadeInUp&quot;}\" data-widget_type=\"text-editor.default\">\n\t\t\t\t\t\t\t\t\t<ul><li>Die Ausf\u00fchrungskontrolle wiederherstellen<\/li><li>Risiken und Unsicherheiten verringern<\/li><li>Das Vertrauen in die Lieferungen wiederherstellen<\/li><li>Stellen Sie sicher, dass das Projekt einen echten gesch\u00e4ftlichen Mehrwert liefert<\/li><\/ul>\t\t\t\t\t\t\t\t<\/div>\n\t\t\t\t<div class=\"elementor-element elementor-element-b2ab755 animated-slow elementor-invisible elementor-widget elementor-widget-text-editor\" data-id=\"b2ab755\" data-element_type=\"widget\" data-e-type=\"widget\" data-settings=\"{&quot;_animation&quot;:&quot;fadeInUp&quot;}\" data-widget_type=\"text-editor.default\">\n\t\t\t\t\t\t\t\t\t<div class=\"relative w-full mt-4 mb-1\"><div class=\"\"><div class=\"relative\"><div class=\"h-full min-h-0 min-w-0\"><div class=\"h-full min-h-0 min-w-0\"><div class=\"border border-token-border-light border-radius-3xl corner-superellipse\/1.1 rounded-3xl\"><div class=\"h-full w-full border-radius-3xl bg-token-bg-elevated-secondary corner-superellipse\/1.1 overflow-clip rounded-3xl lxnfua_clipPathFallback\"><div class=\"relative\"><div class=\"pe-11 pt-3\"><div class=\"relative z-0 flex max-w-full\"><div id=\"code-block-viewer\" class=\"q9tKkq_viewer cm-editor z-10 light:cm-light dark:cm-light flex h-full w-full flex-col items-stretch \u037ck \u037cy\" dir=\"ltr\"><div class=\"cm-scroller\"><div class=\"cm-content q9tKkq_readonly\">Verf\u00fcgbar f\u00fcr Festanstellungen, freiberufliche T\u00e4tigkeiten oder befristete Projektmanagement-Auftr\u00e4ge<\/div><\/div><\/div><\/div><\/div><\/div><\/div><\/div><\/div><\/div><\/div><\/div><\/div>\t\t\t\t\t\t\t\t<\/div>\n\t\t\t\t<\/div>\n\t\t\t\t<\/div>","protected":false},"excerpt":{"rendered":"<p>Interim Project Manager In critical situations, projects don\u2019t need more reporting \u2014 they need leadership. As an Interim Project Manager, I step into ongoing initiatives to restore control, accelerate execution, and ensure reliable delivery under pressure. I take full ownership of the project \u2014 not as an external observer, but as an integrated leader within [&hellip;]<\/p>\n","protected":false},"author":1,"featured_media":0,"parent":0,"menu_order":0,"comment_status":"closed","ping_status":"closed","template":"","meta":{"footnotes":""},"class_list":["post-996","page","type-page","status-publish","hentry"],"_links":{"self":[{"href":"https:\/\/kynextpm.com\/de\/wp-json\/wp\/v2\/pages\/996","targetHints":{"allow":["GET"]}}],"collection":[{"href":"https:\/\/kynextpm.com\/de\/wp-json\/wp\/v2\/pages"}],"about":[{"href":"https:\/\/kynextpm.com\/de\/wp-json\/wp\/v2\/types\/page"}],"author":[{"embeddable":true,"href":"https:\/\/kynextpm.com\/de\/wp-json\/wp\/v2\/users\/1"}],"replies":[{"embeddable":true,"href":"https:\/\/kynextpm.com\/de\/wp-json\/wp\/v2\/comments?post=996"}],"version-history":[{"count":82,"href":"https:\/\/kynextpm.com\/de\/wp-json\/wp\/v2\/pages\/996\/revisions"}],"predecessor-version":[{"id":5256,"href":"https:\/\/kynextpm.com\/de\/wp-json\/wp\/v2\/pages\/996\/revisions\/5256"}],"wp:attachment":[{"href":"https:\/\/kynextpm.com\/de\/wp-json\/wp\/v2\/media?parent=996"}],"curies":[{"name":"wp","href":"https:\/\/api.w.org\/{rel}","templated":true}]}}