{"id":878,"date":"2026-03-17T12:28:24","date_gmt":"2026-03-17T11:28:24","guid":{"rendered":"https:\/\/kynextpm.com\/?page_id=878"},"modified":"2026-04-27T19:02:30","modified_gmt":"2026-04-27T18:02:30","slug":"aboutme","status":"publish","type":"page","link":"https:\/\/kynextpm.com\/de\/aboutme\/","title":{"rendered":"\u00dcber mich"},"content":{"rendered":"<div data-elementor-type=\"wp-page\" data-elementor-id=\"878\" class=\"elementor elementor-878\">\n\t\t\t\t<div class=\"elementor-element elementor-element-383492e e-con-full animated-slow e-flex elementor-invisible e-con e-parent\" data-id=\"383492e\" data-element_type=\"container\" data-e-type=\"container\" data-settings=\"{&quot;background_background&quot;:&quot;classic&quot;,&quot;animation&quot;:&quot;fadeInUp&quot;}\">\n\t\t\t\t<div class=\"elementor-element elementor-element-75c3893 elementor-widget__width-initial elementor-widget elementor-widget-html\" data-id=\"75c3893\" data-element_type=\"widget\" data-e-type=\"widget\" data-widget_type=\"html.default\">\n\t\t\t\t\t<!DOCTYPE html>\r\n<html lang=\"en\">\r\n<head>\r\n<meta charset=\"UTF-8\">\r\n<meta name=\"viewport\" content=\"width=device-width, initial-scale=1.0\">\r\n\r\n<link href=\"https:\/\/fonts.googleapis.com\/css2?family=Poppins:wght@300;400;500;600&display=swap\" rel=\"stylesheet\">\r\n\r\n<style>\r\n\r\nbody {\r\n    margin: 0;\r\n    background-color: #0f172a;\r\n    font-family: 'Poppins', sans-serif;\r\n    color: #e5e7eb;\r\n}\r\n\r\n.section {\r\n    max-width: 1400px;\r\n    margin-left: 80px;\r\n    padding: 60px 40px;\r\n}\r\n\r\n\/* TEXT *\/\r\n.statement {\r\n    font-size: 26px;\r\n    font-weight: 500;\r\n    color: #347383;\r\n    margin-bottom: 25px;\r\n    text-align: center; \/* \u2705 centrado *\/\r\n    opacity: 0;\r\n    transform: translateY(30px);\r\n}\r\n\r\n.text {\r\n    font-size: 15.5px;\r\n    line-height: 1.6;\r\n    color: #d1d5db;\r\n    margin-bottom: 18px;\r\n    text-align: center; \/* \u2705 centrado *\/\r\n    max-width: 800px;   \/* \u2705 mejora legibilidad *\/\r\n    margin-left: auto;\r\n    margin-right: auto;\r\n    opacity: 0;\r\n    transform: translateY(30px);\r\n}\r\n\r\n.highlight {\r\n    color: #347383;\r\n}\r\n\r\n\/* LOGO STRIP *\/\r\n.logo-wrapper {\r\n    display: flex;\r\n    justify-content: center;\r\n    margin: 50px 0;\r\n    opacity: 0;\r\n    transform: translateY(30px);\r\n}\r\n\r\n.logo-strip {\r\n    overflow: hidden;\r\n    width: 70%;\r\n    max-width: 800px;\r\n}\r\n\r\n.logo-track {\r\n    display: flex;\r\n    gap: 40px;\r\n    width: max-content;\r\n    animation: scroll 35s linear infinite;\r\n}\r\n\r\n.logo-strip:hover .logo-track {\r\n    animation-play-state: paused;\r\n}\r\n\r\n.logo-track img {\r\n    height: 85px;\r\n    opacity: 0.8;\r\n    transition: 0.3s;\r\n}\r\n\r\n.logo-track img:hover {\r\n    opacity: 1;\r\n    transform: scale(1.05);\r\n}\r\n\r\n\/* LOOP *\/\r\n@keyframes scroll {\r\n    0% { transform: translateX(0); }\r\n    100% { transform: translateX(-50%); }\r\n}\r\n\r\n\/* FADE *\/\r\n.fade-up {\r\n    transition: all 0.7s ease;\r\n}\r\n\r\n.fade-up.visible {\r\n    opacity: 1;\r\n    transform: translateY(0);\r\n}\r\n\r\n\/* MOBILE *\/\r\n@media (max-width: 768px) {\r\n    .section {\r\n        margin-left: 0;\r\n        padding: 40px 20px;\r\n    }\r\n\r\n    .text {\r\n        text-align: center; \/* \u2705 mantenemos centrado *\/\r\n    }\r\n\r\n    .logo-strip {\r\n        width: 100%;\r\n    }\r\n\r\n    .logo-track img {\r\n        height: 60px;\r\n    }\r\n}\r\n\r\n<\/style>\r\n<\/head>\r\n\r\n<body>\r\n\r\n<div class=\"section\">\r\n\r\n    <!-- AI INTRO TEXT -->\r\n    <div class=\"text fade-up translation-block\">In den letzten Jahren hat sich im Projektmanagement eine neue Kompetenzebene herausgebildet: der Einsatz von <span class=\"highlight\">KI-gesteuerten Agenten zur Unterst\u00fctzung der Projektdurchf\u00fchrung<\/span>. Bei richtiger Konzeption \u00fcbernehmen diese Agenten repetitive und operative Aufgaben \u2013 Berichterstattung, Koordination, Datenkonsolidierung \u2013, sodass sich der Projektmanager auf das Wesentliche konzentrieren kann: Entscheidungsfindung, Abstimmung und das Erreichen von Ergebnissen.<\/div>\r\n\r\n    <!-- HEADLINE -->\r\n    <div class=\"statement fade-up\">\r\n        \u201eIch verwandle Komplexit\u00e4t in konkrete Umsetzung\u201c\r\n    <\/div>\r\n\r\n    <!-- FIRST TEXT -->\r\n    <div class=\"text fade-up translation-block\">Ich bin ein <span class=\"highlight\">Projektmanager, spezialisiert auf komplexe technologische Umgebungen<\/span>, mit einem Hintergrund im Maschinenbau, einem Master-Abschluss in Erneuerbaren Energien und einer Zertifizierung durch den <span class=\"highlight\">VDI<\/span>. Ich habe Projekte in ganz Europa geleitet und dabei mit Unternehmen wie <span class=\"highlight\">BMW<\/span>, <span class=\"highlight\">ZEISS<\/span> und <span class=\"highlight\">CERN<\/span> zusammengearbeitet.<\/div>\r\n\r\n    <!-- LOGOS -->\r\n    <div class=\"logo-wrapper fade-up\">\r\n        <div class=\"logo-strip\">\r\n            <div class=\"logo-track\">\r\n\r\n                <img decoding=\"async\" src=\"https:\/\/kynextpm.com\/wp-content\/uploads\/2026\/04\/BMW_logo_gray.svg_.png\">\r\n                <img decoding=\"async\" src=\"https:\/\/kynextpm.com\/wp-content\/uploads\/2026\/04\/logo.png\">\r\n                <img decoding=\"async\" src=\"https:\/\/kynextpm.com\/wp-content\/uploads\/2026\/04\/DAF-Logo-scaled.png\">\r\n                <img decoding=\"async\" src=\"https:\/\/kynextpm.com\/wp-content\/uploads\/2026\/04\/zeiss-logo-rgb_2023-1.png\">\r\n\r\n                <!-- LOOP -->\r\n                <img decoding=\"async\" src=\"https:\/\/kynextpm.com\/wp-content\/uploads\/2026\/04\/BMW_logo_gray.svg_.png\">\r\n                <img decoding=\"async\" src=\"https:\/\/kynextpm.com\/wp-content\/uploads\/2026\/04\/logo.png\">\r\n                <img decoding=\"async\" src=\"https:\/\/kynextpm.com\/wp-content\/uploads\/2026\/04\/DAF-Logo-scaled.png\">\r\n                <img decoding=\"async\" src=\"https:\/\/kynextpm.com\/wp-content\/uploads\/2026\/04\/zeiss-logo-rgb_2023-1.png\">\r\n\r\n            <\/div>\r\n        <\/div>\r\n    <\/div>\r\n\r\n    <!-- VALUE TEXT -->\r\n    <div class=\"text fade-up\">\r\n        Ich schaffe Struktur, wo Chaos herrscht, Klarheit, wo Unordnung herrscht, und bringe Dinge wieder ins Lot, wo sie ins Stocken geraten sind. Durch die St\u00e4rkung der Projektmanagementprozesse \u2013 Planung, Koordination und Risikokontrolle \u2013 sorge ich daf\u00fcr, dass Projekte vorankommen, Entscheidungen getroffen werden und Ergebnisse erzielt werden.\r\n    <\/div>\r\n\r\n    <!-- SECOND STATEMENT -->\r\n    <div class=\"statement fade-up\">\r\n        \"Without structure, growth is just luck\"\r\n    <\/div>\r\n\r\n    <div class=\"text fade-up\">\r\n        Ich habe Start-ups dabei unterst\u00fctzt, von Grund auf skalierbare Prozesse aufzubauen und Ideen in eine strukturierte Umsetzung zu \u00fcberf\u00fchren.\r\n    <\/div>\r\n\r\n    <div class=\"text fade-up\">\r\n        Au\u00dferhalb der Arbeit sind Musik und Sport ein fester Bestandteil meines Lebens. Das Produzieren von Musik hat meine Disziplin und mein langfristiges Denken gepr\u00e4gt, w\u00e4hrend mich das k\u00f6rperliche Training fit, konzentriert und best\u00e4ndig h\u00e4lt.\r\n    <\/div>\r\n\r\n<\/div>\r\n\r\n<script>\r\nconst elements = document.querySelectorAll('.fade-up');\r\n\r\nconst observer = new IntersectionObserver(entries => {\r\n    entries.forEach(entry => {\r\n        if(entry.isIntersecting){\r\n            entry.target.classList.add('visible');\r\n        }\r\n    });\r\n});\r\n\r\nelements.forEach(el => observer.observe(el));\r\n<\/script>\r\n\r\n<\/body>\r\n<\/html>\t\t\t\t<\/div>\n\t\t\t\t\t\t\t\n\t\t\t<img class=\"e-image-base e-df2472b-5b0170b\" \n\t\t\t\t\tdata-interaction-id=\"df2472b\" \n\t\t \n\t\t \n\t\t\t\t\t\t\t\t\tid=\"883\"\n\t\t\t\t\t\t\t\t\t\t\t\tsrc=\"https:\/\/kynextpm.com\/wp-content\/uploads\/2026\/03\/ChatGPT-Image-17.-Maerz-2026-12_31_39.webp\"\n\t\t\t\t\t\t\t\t\t\t\t\twidth=\"1024\"\n\t\t\t\t\t\t\t\t\t\t\t\theight=\"1536\"\n\t\t\t\t\t\t\t\t\t\t\t\tsrcset=\"https:\/\/kynextpm.com\/wp-content\/uploads\/2026\/03\/ChatGPT-Image-17.-Maerz-2026-12_31_39.webp 1024w, https:\/\/kynextpm.com\/wp-content\/uploads\/2026\/03\/ChatGPT-Image-17.-Maerz-2026-12_31_39-200x300.webp 200w, https:\/\/kynextpm.com\/wp-content\/uploads\/2026\/03\/ChatGPT-Image-17.-Maerz-2026-12_31_39-683x1024.webp 683w, https:\/\/kynextpm.com\/wp-content\/uploads\/2026\/03\/ChatGPT-Image-17.-Maerz-2026-12_31_39-768x1152.webp 768w\"\n\t\t\t\t\t\t\t\t\t\t\t\talt=\"\"\n\t\t\t\t\t\t\/>\n\t\t\t\t\t<\/div>\n\t\t<div class=\"elementor-element elementor-element-9dc8daa e-con-full animated-slow e-flex elementor-invisible e-con e-parent\" data-id=\"9dc8daa\" data-element_type=\"container\" data-e-type=\"container\" data-settings=\"{&quot;animation&quot;:&quot;fadeInUp&quot;}\">\n\t\t\t\t<div class=\"elementor-element elementor-element-baae715 elementor-invisible elementor-widget elementor-widget-text-editor\" data-id=\"baae715\" data-element_type=\"widget\" data-e-type=\"widget\" data-settings=\"{&quot;_animation&quot;:&quot;fadeInUp&quot;}\" data-widget_type=\"text-editor.default\">\n\t\t\t\t\t\t\t\t\t<p>&gt; WAS KOLLEGEN SAGEN<\/p>\t\t\t\t\t\t\t\t<\/div>\n\t\t\t\t<div class=\"elementor-element elementor-element-26cb096 elementor-widget__width-initial elementor-invisible elementor-widget elementor-widget-heading\" data-id=\"26cb096\" data-element_type=\"widget\" data-e-type=\"widget\" data-settings=\"{&quot;_animation_delay&quot;:0,&quot;_animation&quot;:&quot;fadeInUp&quot;}\" data-widget_type=\"heading.default\">\n\t\t\t\t\t<h2 class=\"elementor-heading-title elementor-size-default\">Von denjenigen gesch\u00e4tzt, die damit gearbeitet haben...<\/h2>\t\t\t\t<\/div>\n\t\t\t\t<div class=\"elementor-element elementor-element-7198720 elementor-widget__width-initial elementor-invisible elementor-widget elementor-widget-testimonial-carousel\" data-id=\"7198720\" data-element_type=\"widget\" data-e-type=\"widget\" data-settings=\"{&quot;_animation&quot;:&quot;fadeInUp&quot;}\" data-widget_type=\"testimonial-carousel.default\">\n\t\t\t\t<div class=\"elementor-widget-container\">\n\t\t\t\t\t \t\t\t\t<\/div>\n\t\t\t\t<\/div>\n\t\t\t\t<\/div>\n\t\t\t\t<\/div>","protected":false},"excerpt":{"rendered":"<p>In recent years, a new layer of capability has emerged in project management: the use of AI-driven agents to support execution. Properly designed, these agents take over repetitive and operational tasks \u2014 reporting, coordination, data consolidation \u2014 allowing the Project Manager to stay focused on what truly matters: decision-making, alignment, and driving outcomes. &#8220;I turn [&hellip;]<\/p>\n","protected":false},"author":1,"featured_media":0,"parent":0,"menu_order":0,"comment_status":"closed","ping_status":"closed","template":"","meta":{"footnotes":""},"class_list":["post-878","page","type-page","status-publish","hentry"],"_links":{"self":[{"href":"https:\/\/kynextpm.com\/de\/wp-json\/wp\/v2\/pages\/878","targetHints":{"allow":["GET"]}}],"collection":[{"href":"https:\/\/kynextpm.com\/de\/wp-json\/wp\/v2\/pages"}],"about":[{"href":"https:\/\/kynextpm.com\/de\/wp-json\/wp\/v2\/types\/page"}],"author":[{"embeddable":true,"href":"https:\/\/kynextpm.com\/de\/wp-json\/wp\/v2\/users\/1"}],"replies":[{"embeddable":true,"href":"https:\/\/kynextpm.com\/de\/wp-json\/wp\/v2\/comments?post=878"}],"version-history":[{"count":323,"href":"https:\/\/kynextpm.com\/de\/wp-json\/wp\/v2\/pages\/878\/revisions"}],"predecessor-version":[{"id":6155,"href":"https:\/\/kynextpm.com\/de\/wp-json\/wp\/v2\/pages\/878\/revisions\/6155"}],"wp:attachment":[{"href":"https:\/\/kynextpm.com\/de\/wp-json\/wp\/v2\/media?parent=878"}],"curies":[{"name":"wp","href":"https:\/\/api.w.org\/{rel}","templated":true}]}}