{"id":5288,"date":"2026-04-25T09:30:38","date_gmt":"2026-04-25T08:30:38","guid":{"rendered":"https:\/\/kynextpm.com\/?page_id=5288"},"modified":"2026-04-27T19:04:02","modified_gmt":"2026-04-27T18:04:02","slug":"aienhacedpm","status":"publish","type":"page","link":"https:\/\/kynextpm.com\/de\/aienhacedpm\/","title":{"rendered":"KI-PM"},"content":{"rendered":"<div data-elementor-type=\"wp-page\" data-elementor-id=\"5288\" class=\"elementor elementor-5288\">\n\t\t\t\t<div class=\"elementor-element elementor-element-bcaf9b1 e-con-full e-flex e-con e-parent\" data-id=\"bcaf9b1\" data-element_type=\"container\" data-e-type=\"container\" data-settings=\"{&quot;background_background&quot;:&quot;classic&quot;}\">\n\t\t<div class=\"elementor-element elementor-element-d6979e9 e-con-full animated-slow e-flex elementor-invisible e-con e-child\" data-id=\"d6979e9\" data-element_type=\"container\" data-e-type=\"container\" data-settings=\"{&quot;animation&quot;:&quot;fadeInUp&quot;}\">\n\t\t<div class=\"elementor-element elementor-element-f80df2f e-con-full e-flex e-con e-child\" data-id=\"f80df2f\" data-element_type=\"container\" data-e-type=\"container\">\n\t\t\t\t<div class=\"elementor-element elementor-element-66f7ff9 elementor-widget__width-initial elementor-widget elementor-widget-heading\" data-id=\"66f7ff9\" data-element_type=\"widget\" data-e-type=\"widget\" data-widget_type=\"heading.default\">\n\t\t\t\t\t<h2 class=\"elementor-heading-title elementor-size-default\">Projektmanagement der n\u00e4chsten Generation mit KI<\/h2>\t\t\t\t<\/div>\n\t\t\t\t<div class=\"elementor-element elementor-element-4d1aecc elementor-widget__width-initial elementor-widget elementor-widget-text-editor\" data-id=\"4d1aecc\" data-element_type=\"widget\" data-e-type=\"widget\" data-widget_type=\"text-editor.default\">\n\t\t\t\t\t\t\t\t\t<p>Intelligente Unterst\u00fctzung | Kl\u00fcgere Entscheidungen | Bessere Ergebnisse<\/p>\t\t\t\t\t\t\t\t<\/div>\n\t\t\t\t<div class=\"elementor-element elementor-element-c60ebcb elementor-hidden-desktop elementor-widget elementor-widget-lottie\" data-id=\"c60ebcb\" data-element_type=\"widget\" data-e-type=\"widget\" data-widget_type=\"lottie.default\">\n\t\t\t\t<div class=\"elementor-widget-container\">\n\t\t\t\t\t \t\t\t\t<\/div>\n\t\t\t\t<\/div>\n\t\t\t\t<div class=\"elementor-element elementor-element-01e2eb4 elementor-widget__width-initial elementor-widget elementor-widget-text-editor\" data-id=\"01e2eb4\" data-element_type=\"widget\" data-e-type=\"widget\" data-widget_type=\"text-editor.default\">\n\t\t\t\t\t\t\t\t\t<p data-start=\"328\" data-end=\"643\" data-is-last-node=\"\" data-is-only-node=\"\">Gegebenenfalls k\u00f6nnen meine Dienstleistungen durch propriet\u00e4re KI-Agenten erg\u00e4nzt werden, die sich wiederholende Projektmanagement-Aufgaben automatisieren, Risiken fr\u00fchzeitig erkennen und die Meilenstein- sowie Ressourcenplanung verbessern. Alle LLM-Modelle werden auf der eigenen Infrastruktur des Kunden gehostet, wodurch die vollst\u00e4ndige Einhaltung der DSGVO gew\u00e4hrleistet ist und sichergestellt wird, dass keine Daten an Dritte weitergegeben werden.<\/p><p data-start=\"415\" data-end=\"850\">\u00dcber die reine Automatisierung hinaus fungieren diese KI-F\u00e4higkeiten als intelligente Ebene, die den gesamten Projektlebenszyklus durchzieht \u2013 sie unterst\u00fctzen die Entscheidungsfindung, erh\u00f6hen die Transparenz und erm\u00f6glichen eine schnellere und konsistentere Umsetzung. Anstatt die Rolle des Projektmanagers zu ersetzen, st\u00e4rken sie diese: Sie reduzieren operative St\u00f6rfaktoren, beschleunigen den Zugriff auf Erkenntnisse und erm\u00f6glichen es Projektmanagern, sich auf F\u00fchrungsaufgaben, die Abstimmung mit den Stakeholdern und die strategische Umsetzung zu konzentrieren.<\/p><p data-start=\"852\" data-end=\"1058\">Das Ergebnis ist ein strukturiertes, skalierbares System, in dem menschliches Fachwissen und KI nahtlos zusammenwirken \u2013 wodurch Komplexit\u00e4t \u00fcberschaubar wird und das Projektmanagement zu einer proaktiveren, datengest\u00fctzten Disziplin wird.<\/p>\t\t\t\t\t\t\t\t<\/div>\n\t\t\t\t<\/div>\n\t\t<div class=\"elementor-element elementor-element-5121a3b e-con-full e-flex e-con e-child\" data-id=\"5121a3b\" data-element_type=\"container\" data-e-type=\"container\">\n\t\t\t\t<div class=\"elementor-element elementor-element-f39c013 elementor-hidden-mobile elementor-hidden-desktop elementor-widget elementor-widget-lottie\" data-id=\"f39c013\" data-element_type=\"widget\" data-e-type=\"widget\" data-widget_type=\"lottie.default\">\n\t\t\t\t<div class=\"elementor-widget-container\">\n\t\t\t\t\t \t\t\t\t<\/div>\n\t\t\t\t<\/div>\n\t\t\t\t<\/div>\n\t\t\t\t<\/div>\n\t\t\t\t<\/div>\n\t\t<div class=\"elementor-element elementor-element-d117dcf e-con-full animated-fast e-flex elementor-invisible e-con e-parent\" data-id=\"d117dcf\" data-element_type=\"container\" data-e-type=\"container\" data-settings=\"{&quot;background_background&quot;:&quot;classic&quot;,&quot;animation&quot;:&quot;fadeInUp&quot;}\">\n\t\t\t\t<div class=\"elementor-element elementor-element-ed4ca5b elementor-hidden-mobile elementor-widget elementor-widget-lottie\" data-id=\"ed4ca5b\" data-element_type=\"widget\" data-e-type=\"widget\" data-widget_type=\"lottie.default\">\n\t\t\t\t<div class=\"elementor-widget-container\">\n\t\t\t\t\t \t\t\t\t<\/div>\n\t\t\t\t<\/div>\n\t\t\t\t<div class=\"elementor-element elementor-element-3209cfb elementor-hidden-desktop elementor-widget elementor-widget-lottie\" data-id=\"3209cfb\" data-element_type=\"widget\" data-e-type=\"widget\" data-widget_type=\"lottie.default\">\n\t\t\t\t<div class=\"elementor-widget-container\">\n\t\t\t\t\t \t\t\t\t<\/div>\n\t\t\t\t<\/div>\n\t\t\t\t<div class=\"elementor-element elementor-element-819ca68 elementor-hidden-mobile elementor-widget__width-initial elementor-widget elementor-widget-image\" data-id=\"819ca68\" data-element_type=\"widget\" data-e-type=\"widget\" data-widget_type=\"image.default\">\n\t\t\t\t\t\t\t\t\t\t\t\t\t\t\t<img fetchpriority=\"high\" decoding=\"async\" width=\"1536\" height=\"818\" src=\"https:\/\/kynextpm.com\/wp-content\/uploads\/2026\/04\/AI-Powered-PM.webp\" class=\"attachment-full size-full wp-image-5182\" alt=\"\" srcset=\"https:\/\/kynextpm.com\/wp-content\/uploads\/2026\/04\/AI-Powered-PM.webp 1536w, https:\/\/kynextpm.com\/wp-content\/uploads\/2026\/04\/AI-Powered-PM-300x160.webp 300w, https:\/\/kynextpm.com\/wp-content\/uploads\/2026\/04\/AI-Powered-PM-1024x545.webp 1024w, https:\/\/kynextpm.com\/wp-content\/uploads\/2026\/04\/AI-Powered-PM-768x409.webp 768w, https:\/\/kynextpm.com\/wp-content\/uploads\/2026\/04\/AI-Powered-PM-18x10.webp 18w\" sizes=\"(max-width: 1536px) 100vw, 1536px\" \/>\t\t\t\t\t\t\t\t\t\t\t\t\t\t\t<\/div>\n\t\t\t\t<div class=\"elementor-element elementor-element-4e3f3b8 elementor-hidden-desktop elementor-widget-mobile__width-initial elementor-widget elementor-widget-image\" data-id=\"4e3f3b8\" data-element_type=\"widget\" data-e-type=\"widget\" data-widget_type=\"image.default\">\n\t\t\t\t\t\t\t\t\t\t\t\t\t\t\t<img decoding=\"async\" width=\"401\" height=\"158\" src=\"https:\/\/kynextpm.com\/wp-content\/uploads\/2026\/04\/planning.webp\" class=\"attachment-large size-large wp-image-5570\" alt=\"\" srcset=\"https:\/\/kynextpm.com\/wp-content\/uploads\/2026\/04\/planning.webp 401w, https:\/\/kynextpm.com\/wp-content\/uploads\/2026\/04\/planning-300x118.webp 300w, https:\/\/kynextpm.com\/wp-content\/uploads\/2026\/04\/planning-18x7.webp 18w\" sizes=\"(max-width: 401px) 100vw, 401px\" \/>\t\t\t\t\t\t\t\t\t\t\t\t\t\t\t<\/div>\n\t\t\t\t<div class=\"elementor-element elementor-element-b350b28 elementor-hidden-desktop elementor-widget-mobile__width-initial elementor-widget elementor-widget-image\" data-id=\"b350b28\" data-element_type=\"widget\" data-e-type=\"widget\" data-widget_type=\"image.default\">\n\t\t\t\t\t\t\t\t\t\t\t\t\t\t\t<img decoding=\"async\" width=\"366\" height=\"149\" src=\"https:\/\/kynextpm.com\/wp-content\/uploads\/2026\/04\/monitoring.webp\" class=\"attachment-large size-large wp-image-5658\" alt=\"\" srcset=\"https:\/\/kynextpm.com\/wp-content\/uploads\/2026\/04\/monitoring.webp 366w, https:\/\/kynextpm.com\/wp-content\/uploads\/2026\/04\/monitoring-300x122.webp 300w, https:\/\/kynextpm.com\/wp-content\/uploads\/2026\/04\/monitoring-18x7.webp 18w\" sizes=\"(max-width: 366px) 100vw, 366px\" \/>\t\t\t\t\t\t\t\t\t\t\t\t\t\t\t<\/div>\n\t\t\t\t<div class=\"elementor-element elementor-element-a7b331a elementor-hidden-desktop elementor-widget-mobile__width-initial elementor-widget elementor-widget-image\" data-id=\"a7b331a\" data-element_type=\"widget\" data-e-type=\"widget\" data-widget_type=\"image.default\">\n\t\t\t\t\t\t\t\t\t\t\t\t\t\t\t<img loading=\"lazy\" decoding=\"async\" width=\"370\" height=\"162\" src=\"https:\/\/kynextpm.com\/wp-content\/uploads\/2026\/04\/communication.webp\" class=\"attachment-large size-large wp-image-5659\" alt=\"\" srcset=\"https:\/\/kynextpm.com\/wp-content\/uploads\/2026\/04\/communication.webp 370w, https:\/\/kynextpm.com\/wp-content\/uploads\/2026\/04\/communication-300x131.webp 300w, https:\/\/kynextpm.com\/wp-content\/uploads\/2026\/04\/communication-18x8.webp 18w\" sizes=\"(max-width: 370px) 100vw, 370px\" \/>\t\t\t\t\t\t\t\t\t\t\t\t\t\t\t<\/div>\n\t\t\t\t<div class=\"elementor-element elementor-element-a442b11 elementor-hidden-desktop elementor-widget-mobile__width-initial elementor-widget elementor-widget-image\" data-id=\"a442b11\" data-element_type=\"widget\" data-e-type=\"widget\" data-widget_type=\"image.default\">\n\t\t\t\t\t\t\t\t\t\t\t\t\t\t\t<img loading=\"lazy\" decoding=\"async\" width=\"347\" height=\"146\" src=\"https:\/\/kynextpm.com\/wp-content\/uploads\/2026\/04\/risk.webp\" class=\"attachment-large size-large wp-image-5660\" alt=\"\" srcset=\"https:\/\/kynextpm.com\/wp-content\/uploads\/2026\/04\/risk.webp 347w, https:\/\/kynextpm.com\/wp-content\/uploads\/2026\/04\/risk-300x126.png 300w, https:\/\/kynextpm.com\/wp-content\/uploads\/2026\/04\/risk-18x8.png 18w\" sizes=\"(max-width: 347px) 100vw, 347px\" \/>\t\t\t\t\t\t\t\t\t\t\t\t\t\t\t<\/div>\n\t\t\t\t<div class=\"elementor-element elementor-element-370d43a elementor-hidden-desktop elementor-widget-mobile__width-initial elementor-widget elementor-widget-image\" data-id=\"370d43a\" data-element_type=\"widget\" data-e-type=\"widget\" data-widget_type=\"image.default\">\n\t\t\t\t\t\t\t\t\t\t\t\t\t\t\t<img loading=\"lazy\" decoding=\"async\" width=\"428\" height=\"112\" src=\"https:\/\/kynextpm.com\/wp-content\/uploads\/2026\/04\/operations.webp\" class=\"attachment-large size-large wp-image-5662\" alt=\"\" srcset=\"https:\/\/kynextpm.com\/wp-content\/uploads\/2026\/04\/operations.webp 428w, https:\/\/kynextpm.com\/wp-content\/uploads\/2026\/04\/operations-300x79.webp 300w, https:\/\/kynextpm.com\/wp-content\/uploads\/2026\/04\/operations-18x5.webp 18w\" sizes=\"(max-width: 428px) 100vw, 428px\" \/>\t\t\t\t\t\t\t\t\t\t\t\t\t\t\t<\/div>\n\t\t\t\t<div class=\"elementor-element elementor-element-5ebda85 elementor-hidden-desktop elementor-widget-mobile__width-initial elementor-widget elementor-widget-image\" data-id=\"5ebda85\" data-element_type=\"widget\" data-e-type=\"widget\" data-widget_type=\"image.default\">\n\t\t\t\t\t\t\t\t\t\t\t\t\t\t\t<img loading=\"lazy\" decoding=\"async\" width=\"383\" height=\"155\" src=\"https:\/\/kynextpm.com\/wp-content\/uploads\/2026\/04\/know.webp\" class=\"attachment-large size-large wp-image-5663\" alt=\"\" srcset=\"https:\/\/kynextpm.com\/wp-content\/uploads\/2026\/04\/know.webp 383w, https:\/\/kynextpm.com\/wp-content\/uploads\/2026\/04\/know-300x121.webp 300w, https:\/\/kynextpm.com\/wp-content\/uploads\/2026\/04\/know-18x7.webp 18w\" sizes=\"(max-width: 383px) 100vw, 383px\" \/>\t\t\t\t\t\t\t\t\t\t\t\t\t\t\t<\/div>\n\t\t\t\t<div class=\"elementor-element elementor-element-433eaaf elementor-hidden-desktop elementor-widget-mobile__width-initial elementor-widget elementor-widget-image\" data-id=\"433eaaf\" data-element_type=\"widget\" data-e-type=\"widget\" data-widget_type=\"image.default\">\n\t\t\t\t\t\t\t\t\t\t\t\t\t\t\t<img loading=\"lazy\" decoding=\"async\" width=\"403\" height=\"143\" src=\"https:\/\/kynextpm.com\/wp-content\/uploads\/2026\/04\/decision.webp\" class=\"attachment-large size-large wp-image-5664\" alt=\"\" srcset=\"https:\/\/kynextpm.com\/wp-content\/uploads\/2026\/04\/decision.webp 403w, https:\/\/kynextpm.com\/wp-content\/uploads\/2026\/04\/decision-300x106.webp 300w, https:\/\/kynextpm.com\/wp-content\/uploads\/2026\/04\/decision-18x6.webp 18w\" sizes=\"(max-width: 403px) 100vw, 403px\" \/>\t\t\t\t\t\t\t\t\t\t\t\t\t\t\t<\/div>\n\t\t\t\t<\/div>\n\t\t\t\t<\/div>","protected":false},"excerpt":{"rendered":"<p>Next-Level Project Management with AI Intelligent Support | Smarter Decisions | Better Outcomes If relevant, my services can be enhanced with proprietary AI agents that automate repetitive PM tasks, detect risks earlier, and improve milestone and resource planning. All LLM models are hosted on the client\u2019s own infrastructure, ensuring full GDPR compliance and that no [&hellip;]<\/p>\n","protected":false},"author":1,"featured_media":0,"parent":0,"menu_order":0,"comment_status":"closed","ping_status":"closed","template":"","meta":{"footnotes":""},"class_list":["post-5288","page","type-page","status-publish","hentry"],"_links":{"self":[{"href":"https:\/\/kynextpm.com\/de\/wp-json\/wp\/v2\/pages\/5288","targetHints":{"allow":["GET"]}}],"collection":[{"href":"https:\/\/kynextpm.com\/de\/wp-json\/wp\/v2\/pages"}],"about":[{"href":"https:\/\/kynextpm.com\/de\/wp-json\/wp\/v2\/types\/page"}],"author":[{"embeddable":true,"href":"https:\/\/kynextpm.com\/de\/wp-json\/wp\/v2\/users\/1"}],"replies":[{"embeddable":true,"href":"https:\/\/kynextpm.com\/de\/wp-json\/wp\/v2\/comments?post=5288"}],"version-history":[{"count":256,"href":"https:\/\/kynextpm.com\/de\/wp-json\/wp\/v2\/pages\/5288\/revisions"}],"predecessor-version":[{"id":6164,"href":"https:\/\/kynextpm.com\/de\/wp-json\/wp\/v2\/pages\/5288\/revisions\/6164"}],"wp:attachment":[{"href":"https:\/\/kynextpm.com\/de\/wp-json\/wp\/v2\/media?parent=5288"}],"curies":[{"name":"wp","href":"https:\/\/api.w.org\/{rel}","templated":true}]}}